{"id":11723,"date":"2025-08-21T14:08:15","date_gmt":"2025-08-21T11:08:15","guid":{"rendered":"https:\/\/ethosenerji.com\/en\/?post_type=product&#038;p=11723"},"modified":"2025-08-21T19:14:42","modified_gmt":"2025-08-21T16:14:42","slug":"zumtobel-sensor-light-outdoor-lighting-sensor","status":"publish","type":"product","link":"https:\/\/ethosenerji.com\/en\/product\/zumtobel-sensor-light-outdoor-lighting-sensor\/","title":{"rendered":"ZUMTOBEL &#8211; SENSOR (LIGHT) OUTDOOR Lighting Sensor"},"content":{"rendered":"<div class=\"wpb-content-wrapper\"><p>[vc_row][vc_column width=&#8221;1\/3&#8243;]\n\t\t<div id=\"wd-68a7455cd48df\" class=\"title-wrapper wd-wpb wd-set-mb reset-last-child  wd-rs-68a7455cd48df wd-title-color-default wd-title-style-default text-center  wd-underline-colored\">\n\t\t\t\n\t\t\t<div class=\"liner-continer\">\n\t\t\t\t<h4 class=\"woodmart-title-container title  wd-font-weight- wd-fontsize-m\" >TECHNICAL DOCUMENTS<\/h4>\n\t\t\t\t\t\t\t<\/div>\n\t\t\t\n\t\t\t\n\t\t\t\n\t\t<\/div>\n\t\t\n\t\t<div id=\"wd-65c0af74374cb\" class=\" wd-rs-65c0af74374cb  wd-button-wrapper text-center\"><a href=\"https:\/\/ethosenerji.com\/wp-content\/uploads\/2024\/02\/8998_group_datasheet.pdf\" title=\"\" target=\"_blank\" class=\"btn btn-style-default btn-shape-rectangle btn-size-default btn-icon-pos-left\">SENSOR (LIGHT) OUTDOOR - Datasheet<span class=\"wd-btn-icon\"><span class=\"wd-icon fas fa-file-pdf\"><\/span><\/span><\/a><\/div>[\/vc_column][vc_column width=&#8221;1\/3&#8243;]\n\t\t<div id=\"wd-68a74564840f7\" class=\"title-wrapper wd-wpb wd-set-mb reset-last-child  wd-rs-68a74564840f7 wd-title-color-default wd-title-style-default text-center  wd-underline-colored\">\n\t\t\t\n\t\t\t<div class=\"liner-continer\">\n\t\t\t\t<h4 class=\"woodmart-title-container title  wd-font-weight- wd-fontsize-m\" >BROCHURE<\/h4>\n\t\t\t\t\t\t\t<\/div>\n\t\t\t\n\t\t\t\n\t\t\t\n\t\t<\/div>\n\t\t\n\t\t<div id=\"wd-68a7456e27e97\" class=\" wd-rs-68a7456e27e97  wd-button-wrapper text-center\"><a href=\"https:\/\/ethosenerji.com\/wp-content\/uploads\/2024\/02\/Litecom-3.pdf\" title=\"\" target=\"_blank\" class=\"btn btn-style-default btn-shape-rectangle btn-size-default btn-icon-pos-left\">SENSOR (LIGHT) OUTDOOR - Brochure 1<span class=\"wd-btn-icon\"><span class=\"wd-icon fas fa-file-pdf\"><\/span><\/span><\/a><\/div><div id=\"wd-68a74579c18a5\" class=\" wd-rs-68a74579c18a5  wd-button-wrapper text-center\"><a href=\"https:\/\/ethosenerji.com\/wp-content\/uploads\/2024\/02\/LUXMATE_Mehrwert_Lichtmanagement-3.pdf\" title=\"\" target=\"_blank\" class=\"btn btn-style-default btn-shape-rectangle btn-size-default btn-icon-pos-left\">SENSOR (LIGHT) OUTDOOR - Brochure 2<span class=\"wd-btn-icon\"><span class=\"wd-icon fas fa-file-pdf\"><\/span><\/span><\/a><\/div><div id=\"wd-68a745828f07c\" class=\" wd-rs-68a745828f07c  wd-button-wrapper text-center\"><a href=\"https:\/\/ethosenerji.com\/wp-content\/uploads\/2024\/02\/bmLINK-3.pdf\" title=\"\" target=\"_blank\" class=\"btn btn-style-default btn-shape-rectangle btn-size-default btn-icon-pos-left\">SENSOR (LIGHT) OUTDOOR - Brochure 3<span class=\"wd-btn-icon\"><span class=\"wd-icon fas fa-file-pdf\"><\/span><\/span><\/a><\/div>[\/vc_column][vc_column width=&#8221;1\/3&#8243;][\/vc_column][\/vc_row]<\/p>\n<\/div>","protected":false},"excerpt":{"rendered":"<div><strong><span id=\"eCAT_bulletsCommonHeadlineOne\">Teknik \u00d6zellikler<\/span><\/strong><br \/>\n<span id=\"eCAT_CommonFamilyName\"><\/span><\/div>\n<ul>\n<li>Yapay ayd\u0131nlatman\u0131n ve panjurlar\u0131n (\u00e7\u0131talar\u0131n) konumunun g\u00fcn \u0131\u015f\u0131\u011f\u0131na dayal\u0131 olarak ayarlanmas\u0131 i\u00e7in g\u00fcn \u0131\u015f\u0131\u011f\u0131 seviyelerini \u00f6l\u00e7mek i\u00e7in harici g\u00fcn \u0131\u015f\u0131\u011f\u0131 sens\u00f6r\u00fc<\/li>\n<li>\u00d8 42\u201350 mm dire\u011fe monte edilir<\/li>\n<li>LRA-1500(x) ve LRA-150S ile birlikte kullan\u0131l\u0131r<\/li>\n<\/ul>\n<div class=\"product-features__text\">\n<div class=\"rich-text\">\n<p><a class=\"button\" href=\"https:\/\/ethosenerji.com\/en\/contact-us\/\">GET A QUOTE<\/a><\/p>\n<\/div>\n<\/div>\n","protected":false},"featured_media":11770,"comment_status":"open","ping_status":"closed","template":"","meta":[],"product_brand":[],"product_cat":[232,157,233,234],"product_tag":[],"class_list":{"0":"post-11723","1":"product","2":"type-product","3":"status-publish","4":"has-post-thumbnail","6":"product_cat-lighting-control-systems","7":"product_cat-lighting-solutions","8":"product_cat-outdoor-lighting-lighting-control-systems","9":"product_cat-sensors","11":"first","12":"instock","13":"shipping-taxable","14":"product-type-simple"},"_links":{"self":[{"href":"https:\/\/ethosenerji.com\/en\/wp-json\/wp\/v2\/product\/11723","targetHints":{"allow":["GET"]}}],"collection":[{"href":"https:\/\/ethosenerji.com\/en\/wp-json\/wp\/v2\/product"}],"about":[{"href":"https:\/\/ethosenerji.com\/en\/wp-json\/wp\/v2\/types\/product"}],"replies":[{"embeddable":true,"href":"https:\/\/ethosenerji.com\/en\/wp-json\/wp\/v2\/comments?post=11723"}],"wp:featuredmedia":[{"embeddable":true,"href":"https:\/\/ethosenerji.com\/en\/wp-json\/wp\/v2\/media\/11770"}],"wp:attachment":[{"href":"https:\/\/ethosenerji.com\/en\/wp-json\/wp\/v2\/media?parent=11723"}],"wp:term":[{"taxonomy":"product_brand","embeddable":true,"href":"https:\/\/ethosenerji.com\/en\/wp-json\/wp\/v2\/product_brand?post=11723"},{"taxonomy":"product_cat","embeddable":true,"href":"https:\/\/ethosenerji.com\/en\/wp-json\/wp\/v2\/product_cat?post=11723"},{"taxonomy":"product_tag","embeddable":true,"href":"https:\/\/ethosenerji.com\/en\/wp-json\/wp\/v2\/product_tag?post=11723"}],"curies":[{"name":"wp","href":"https:\/\/api.w.org\/{rel}","templated":true}]}}