{"id":10508,"date":"2024-03-04T19:01:01","date_gmt":"2024-03-04T16:01:01","guid":{"rendered":"https:\/\/ethosenerji.com\/en\/?post_type=product&#038;p=10508"},"modified":"2024-03-04T19:05:23","modified_gmt":"2024-03-04T16:05:23","slug":"vantrunk-heavy-duty-return-flange-straight-tray","status":"publish","type":"product","link":"https:\/\/ethosenerji.com\/en\/product\/vantrunk-heavy-duty-return-flange-straight-tray\/","title":{"rendered":"VANTRUNK &#8211; Heavy Duty Return Flange Straight Tray"},"content":{"rendered":"<div class=\"wpb-content-wrapper\"><p>[vc_row][vc_column width=&#8221;1\/2&#8243;]\n\t\t<div id=\"wd-64df2a6cb6e90\" class=\"title-wrapper wd-wpb wd-set-mb reset-last-child  wd-rs-64df2a6cb6e90 wd-title-color-default wd-title-style-default text-center  wd-underline-colored\">\n\t\t\t\n\t\t\t<div class=\"liner-continer\">\n\t\t\t\t<h4 class=\"woodmart-title-container title  wd-font-weight- wd-fontsize-m\" >TECHNICAL DOCUMENT<\/h4>\n\t\t\t\t\t\t\t<\/div>\n\t\t\t\n\t\t\t\n\t\t\t\n\t\t<\/div>\n\t\t\n\t\t<div id=\"wd-65e5f13bd5c58\" class=\" wd-rs-65e5f13bd5c58  wd-button-wrapper text-center\"><a href=\"https:\/\/ethosenerji.com\/en\/wp-content\/uploads\/2024\/03\/Cable-Tray-Lengths.pdf\" title=\"\" target=\"_blank\" class=\"btn btn-style-default btn-shape-rectangle btn-size-default btn-icon-pos-left\">VANTRUNK - Heavy Duty Return Flange Straight Tray<span class=\"wd-btn-icon\"><span class=\"wd-icon fas fa-file-pdf\"><\/span><\/span><\/a><\/div>[\/vc_column][vc_column width=&#8221;1\/2&#8243;][\/vc_column][\/vc_row]<\/p>\n<\/div>","protected":false},"excerpt":{"rendered":"<p><span class=\"product-reference\"><span style=\"vertical-align: inherit;\"><span style=\"vertical-align: inherit;\">REF: HR-SL3<\/span><\/span><\/span><\/p>\n<p><span style=\"vertical-align: inherit;\"><span style=\"vertical-align: inherit;\">Vantrunk A\u011f\u0131r Hizmet d\u00f6n\u00fc\u015f flan\u015f\u0131 kablo kanal\u0131, a\u011f\u0131r hizmet tipi kablo y\u00fcklerinin daha uzun mesafelerde desteklenmesi gereken uygulamalar i\u00e7in uygundur.<\/span><\/span><\/p>\n<p>&nbsp;<\/p>\n<p><a class=\"button\" href=\"\/en\/contact-us\/\"><span style=\"vertical-align: inherit;\"><span style=\"vertical-align: inherit;\">B\u0130LG\u0130 AL<\/span><\/span><\/a><\/p>\n","protected":false},"featured_media":10506,"comment_status":"open","ping_status":"closed","template":"","meta":[],"product_brand":[],"product_cat":[116,76],"product_tag":[],"class_list":{"0":"post-10508","1":"product","2":"type-product","3":"status-publish","4":"has-post-thumbnail","6":"product_cat-cable-equipment","7":"product_cat-cable-trays","9":"first","10":"instock","11":"shipping-taxable","12":"product-type-simple"},"_links":{"self":[{"href":"https:\/\/ethosenerji.com\/en\/wp-json\/wp\/v2\/product\/10508","targetHints":{"allow":["GET"]}}],"collection":[{"href":"https:\/\/ethosenerji.com\/en\/wp-json\/wp\/v2\/product"}],"about":[{"href":"https:\/\/ethosenerji.com\/en\/wp-json\/wp\/v2\/types\/product"}],"replies":[{"embeddable":true,"href":"https:\/\/ethosenerji.com\/en\/wp-json\/wp\/v2\/comments?post=10508"}],"wp:featuredmedia":[{"embeddable":true,"href":"https:\/\/ethosenerji.com\/en\/wp-json\/wp\/v2\/media\/10506"}],"wp:attachment":[{"href":"https:\/\/ethosenerji.com\/en\/wp-json\/wp\/v2\/media?parent=10508"}],"wp:term":[{"taxonomy":"product_brand","embeddable":true,"href":"https:\/\/ethosenerji.com\/en\/wp-json\/wp\/v2\/product_brand?post=10508"},{"taxonomy":"product_cat","embeddable":true,"href":"https:\/\/ethosenerji.com\/en\/wp-json\/wp\/v2\/product_cat?post=10508"},{"taxonomy":"product_tag","embeddable":true,"href":"https:\/\/ethosenerji.com\/en\/wp-json\/wp\/v2\/product_tag?post=10508"}],"curies":[{"name":"wp","href":"https:\/\/api.w.org\/{rel}","templated":true}]}}