{"id":10400,"date":"2024-01-24T13:16:31","date_gmt":"2024-01-24T10:16:31","guid":{"rendered":"https:\/\/ethosenerji.com\/en\/?post_type=product&#038;p=10400"},"modified":"2024-01-24T13:22:58","modified_gmt":"2024-01-24T10:22:58","slug":"thorn-thor-road-lighting","status":"publish","type":"product","link":"https:\/\/ethosenerji.com\/en\/product\/thorn-thor-road-lighting\/","title":{"rendered":"THORN \u2013 THOR Road Lighting"},"content":{"rendered":"<div class=\"wpb-content-wrapper\"><p>[vc_row][vc_column][vc_column_text woodmart_inline=&#8221;no&#8221; text_larger=&#8221;no&#8221;]<\/p>\n<div class=\"cell width-1:2 position-0\">\n<div class=\"cell width-1:2 position-0\">\n<div class=\"cell width-1:2 position-0\">\n<div class=\"cell width-1:2 position-0\">\n<div class=\"cell width-1:2 position-0\">\n<div class=\"cell width-1:2 position-0\">\n<div class=\"cell width-1:2 position-0\">\n<div class=\"cell width-1:2 position-0\">\n<h2>Materials and Finish<\/h2>\n<p>Dome, 2 options: Thor L, UV stabilized polycarbonate with dark sandy grey finish, close to RAL7043 or with opal finish. Thor S, UV stabilized polycarbonate with opal finish, or die-cast aluminium with dark sandy grey finish.<br \/>\nGlass: toughened flat glass<br \/>\nBracket: die cast aluminium treated against corrosion and powder coated dark sandy grey finish (close to RAL7043).<br \/>\nBody: die cast aluminium treated against corrosion and powder coated dark sandy grey finish (close to RAL7043) (EN AC-47100 + CAT). Standard corrosion class C5 according to ISO 9223: 2012.<br \/>\nReflector: ABS white with UV treatment<br \/>\nScrews and closing set: Stainless steel<\/p>\n<\/div>\n<div class=\"cell width-1:2 position-1:2\">\n<h2 class=\"columnFirstHeading\">Installation and Mounting<\/h2>\n<p>Recommended mounting height: up to 8m. All post top and side entry versions are pre-wired. Supplied complete and ready to install, in a single box. Suitable for both post top and side entry mounting \u00d860mm as standard. Side mounting: \u00d860mm x 100mm long spigot, tilting -15\u00b0 max, secured by 2 screws, delivered tilted at 0\u00b0 by default. Top mounting: \u00d860mm spigot, tilting +10\u00b0 max, secured by 2 stainless steel screws, delivered tilted at 0\u00b0 by default. Optimised with R-PEC optics for good control and performance. Catenary and suspended versions fixed through 27G, and 34G. \u00d848 mm lateral and post top versions (external \u00d860mm, internal \u00d848mm), available on request.<\/p>\n<h2>Specification<\/h2>\n<p>To specify state:<br \/>\nIP66 durable urban LED lantern with full dome or opal dome. Luminaire flux up to 16 986 Llm. Efficiency up to 160 Llm\/W. \u00d860mm side entry, and post top mountings, as standard. Tilting from -15\u00b0 to +10\u00b0. Wide optical offer with efficient R-PEC optics. CLO, bi-power, DALI and Zhaga as standard. 4000K, 3000K, 2700K, 2200K color temperatures. \u00d848mm lateral, \u00d848mm post top mountings, catenary and suspended versions (on request for Thor L). Compatible with management control system options via Zhaga socket options.<br \/>\nThor S : ZU Zhaga socket up, ZD Zhaga socket down, ZUD Zhaga socket up &amp; down.<br \/>\nThor L : ZD Zhaga socket down. ZD4i certified.<br \/>\nAs Thorn Thor.<\/p>\n<\/div>\n<\/div>\n<\/div>\n<\/div>\n<\/div>\n<\/div>\n<\/div>\n<\/div>\n<p>[\/vc_column_text][\/vc_column][\/vc_row][vc_row][vc_column width=&#8221;1\/3&#8243;]\n\t\t<div id=\"wd-658409ceeaa98\" class=\"title-wrapper wd-wpb wd-set-mb reset-last-child  wd-rs-658409ceeaa98 wd-title-color-default wd-title-style-default text-center  wd-underline-colored\">\n\t\t\t\n\t\t\t<div class=\"liner-continer\">\n\t\t\t\t<h4 class=\"woodmart-title-container title  wd-font-weight- wd-fontsize-m\" >TECHNICAL DOCUMENT<\/h4>\n\t\t\t\t\t\t\t<\/div>\n\t\t\t\n\t\t\t\n\t\t\t\n\t\t<\/div>\n\t\t\n\t\t<div id=\"wd-65b0e4eb0d753\" class=\" wd-rs-65b0e4eb0d753  wd-button-wrapper text-center\"><a href=\"https:\/\/ethosenerji.com\/en\/wp-content\/uploads\/2024\/01\/24842_group_datasheet.pdf\" title=\"\" target=\"_blank\" class=\"btn btn-style-default btn-shape-rectangle btn-size-default btn-icon-pos-left\">THORN \u2013 THOR - DATASHEET<span class=\"wd-btn-icon\"><span class=\"wd-icon fas fa-file-pdf\"><\/span><\/span><\/a><\/div>[\/vc_column][vc_column width=&#8221;1\/3&#8243;]\n\t\t<div id=\"wd-65afe73695ead\" class=\"title-wrapper wd-wpb wd-set-mb reset-last-child  wd-rs-65afe73695ead wd-title-color-default wd-title-style-default text-center  wd-underline-colored\">\n\t\t\t\n\t\t\t<div class=\"liner-continer\">\n\t\t\t\t<h4 class=\"woodmart-title-container title  wd-font-weight- wd-fontsize-m\" >BROCHURE<\/h4>\n\t\t\t\t\t\t\t<\/div>\n\t\t\t\n\t\t\t\n\t\t\t\n\t\t<\/div>\n\t\t\n\t\t<div id=\"wd-65b0e4f68e224\" class=\" wd-rs-65b0e4f68e224  wd-button-wrapper text-center\"><a href=\"https:\/\/ethosenerji.com\/en\/wp-content\/uploads\/2024\/01\/TLG_Thor.pdf\" title=\"\" target=\"_blank\" style=\"--btn-color:#333;--btn-color-hover:#333;\" class=\"btn btn-style-default btn-shape-rectangle btn-size-default btn-icon-pos-left\">THORN \u2013 THOR - Brochure<span class=\"wd-btn-icon\"><span class=\"wd-icon fas fa-file-pdf\"><\/span><\/span><\/a><\/div>[\/vc_column][vc_column width=&#8221;1\/3&#8243;][\/vc_column][\/vc_row]<\/p>\n<\/div>","protected":false},"excerpt":{"rendered":"<p>An LED smart urban lantern providing high user comfort and easy integration of connectivity and sensors into city environments<\/p>\n<ul>\n<li>High lighting quality creates a comfortable ambience<\/li>\n<li>Designed around the high performance R-PEC light engine, ensuring an excellent balance between performance and comfort<\/li>\n<li>Compatible with any existing management control system options on the market thanks to the ZHAGA socket option<\/li>\n<li>Flexible mounting options extend the scope of application<\/li>\n<li>Delivers comfort and warm ambience (3000K, 2700K, 2200K)<\/li>\n<li>OTHER OPTIONS ARE AVAILABLE (colour temperature, controls, colour&#8230;). See Thor S myProduct for configuration options<\/li>\n<\/ul>\n","protected":false},"featured_media":10403,"comment_status":"open","ping_status":"closed","template":"","meta":[],"product_brand":[],"product_cat":[115,157,174,175],"product_tag":[],"class_list":{"0":"post-10400","1":"product","2":"type-product","3":"status-publish","4":"has-post-thumbnail","6":"product_cat-general","7":"product_cat-lighting-solutions","8":"product_cat-outdoor-lighting","9":"product_cat-road-and-street-luminaires","11":"first","12":"instock","13":"shipping-taxable","14":"product-type-simple"},"_links":{"self":[{"href":"https:\/\/ethosenerji.com\/en\/wp-json\/wp\/v2\/product\/10400","targetHints":{"allow":["GET"]}}],"collection":[{"href":"https:\/\/ethosenerji.com\/en\/wp-json\/wp\/v2\/product"}],"about":[{"href":"https:\/\/ethosenerji.com\/en\/wp-json\/wp\/v2\/types\/product"}],"replies":[{"embeddable":true,"href":"https:\/\/ethosenerji.com\/en\/wp-json\/wp\/v2\/comments?post=10400"}],"wp:featuredmedia":[{"embeddable":true,"href":"https:\/\/ethosenerji.com\/en\/wp-json\/wp\/v2\/media\/10403"}],"wp:attachment":[{"href":"https:\/\/ethosenerji.com\/en\/wp-json\/wp\/v2\/media?parent=10400"}],"wp:term":[{"taxonomy":"product_brand","embeddable":true,"href":"https:\/\/ethosenerji.com\/en\/wp-json\/wp\/v2\/product_brand?post=10400"},{"taxonomy":"product_cat","embeddable":true,"href":"https:\/\/ethosenerji.com\/en\/wp-json\/wp\/v2\/product_cat?post=10400"},{"taxonomy":"product_tag","embeddable":true,"href":"https:\/\/ethosenerji.com\/en\/wp-json\/wp\/v2\/product_tag?post=10400"}],"curies":[{"name":"wp","href":"https:\/\/api.w.org\/{rel}","templated":true}]}}